{"id":105,"date":"2019-01-18T23:08:26","date_gmt":"2019-01-18T22:08:26","guid":{"rendered":"https:\/\/normandydiscoverytours.com\/?page_id=105"},"modified":"2026-03-02T11:36:40","modified_gmt":"2026-03-02T10:36:40","slug":"tours","status":"publish","type":"page","link":"https:\/\/normandydiscoverytours.com\/fr\/tours\/","title":{"rendered":"D-Day Tours"},"content":{"rendered":"","protected":false},"excerpt":{"rendered":"","protected":false},"author":1,"featured_media":0,"parent":0,"menu_order":0,"comment_status":"closed","ping_status":"closed","template":"modele1.php","meta":{"_acf_changed":false,"footnotes":""},"class_list":["post-105","page","type-page","status-publish","hentry"],"acf":[],"yoast_head":"<!-- This site is optimized with the Yoast SEO plugin v27.0 - https:\/\/yoast.com\/product\/yoast-seo-wordpress\/ -->\n<title>En jeep ou en Van, revivez le Jour J ! Parcourez les Plages du D\u00e9barquement<\/title>\n<meta name=\"description\" content=\"D\u00e9couvrez l&#039;histoire du Jour-J en visitant les plages du D\u00e9barquement de Normandie en groupe ou en visite priv\u00e9e nos circuits s&#039;adaptent \u00e0 vos envies\" \/>\n<meta name=\"robots\" content=\"index, follow, max-snippet:-1, max-image-preview:large, max-video-preview:-1\" \/>\n<link rel=\"canonical\" href=\"https:\/\/normandydiscoverytours.com\/tours\/\" \/>\n<meta property=\"og:locale\" content=\"fr_FR\" \/>\n<meta property=\"og:type\" content=\"article\" \/>\n<meta property=\"og:title\" content=\"{:fr}En jeep ou en Van, revivez le Jour J ! Parcourez les Plages du D\u00e9barquement {:en}D-Day Normandy Tours | Private &amp; Group Landing Beach Visits{:}\" \/>\n<meta property=\"og:description\" content=\"{:fr}D\u00e9couvrez l&#039;histoire du Jour-J en visitant les plages du D\u00e9barquement de Normandie en groupe ou en visite priv\u00e9e nos circuits s&#039;adaptent \u00e0 vos envies{:en}Discover the history of D-Day by visiting the Normandy D-Day beaches in a group or on a private tour our tours can be adapted to your wishes{:}\" \/>\n<meta property=\"og:url\" content=\"https:\/\/normandydiscoverytours.com\/tours\/\" \/>\n<meta property=\"og:site_name\" content=\"Normandy Discovery Tours\" \/>\n<meta property=\"article:publisher\" content=\"https:\/\/www.facebook.com\/normandydiscoverytours\/\" \/>\n<meta property=\"article:modified_time\" content=\"2026-03-02T10:36:40+00:00\" \/>\n<meta property=\"og:image\" content=\"https:\/\/normandydiscoverytours.com\/wp-content\/uploads\/2025\/01\/RVK_2870-scaled.jpg\" \/>\n\t<meta property=\"og:image:width\" content=\"2500\" \/>\n\t<meta property=\"og:image:height\" content=\"1667\" \/>\n\t<meta property=\"og:image:type\" content=\"image\/jpeg\" \/>\n<meta name=\"twitter:card\" content=\"summary_large_image\" \/>\n<meta name=\"twitter:label1\" content=\"Dur\u00e9e de lecture estim\u00e9e\" \/>\n\t<meta name=\"twitter:data1\" content=\"1 minute\" \/>\n<script type=\"application\/ld+json\" class=\"yoast-schema-graph\">{\"@context\":\"https:\/\/schema.org\",\"@graph\":[{\"@type\":\"WebPage\",\"@id\":\"https:\/\/normandydiscoverytours.com\/tours\/\",\"url\":\"https:\/\/normandydiscoverytours.com\/tours\/\",\"name\":\"{:fr}En jeep ou en Van, revivez le Jour J ! Parcourez les Plages du D\u00e9barquement {:en}D-Day Normandy Tours | Private & Group Landing Beach Visits{:}\",\"isPartOf\":{\"@id\":\"https:\/\/normandydiscoverytours.com\/#website\"},\"datePublished\":\"2019-01-18T22:08:26+00:00\",\"dateModified\":\"2026-03-02T10:36:40+00:00\",\"description\":\"{:fr}D\u00e9couvrez l'histoire du Jour-J en visitant les plages du D\u00e9barquement de Normandie en groupe ou en visite priv\u00e9e nos circuits s'adaptent \u00e0 vos envies{:en}Discover the history of D-Day by visiting the Normandy D-Day beaches in a group or on a private tour our tours can be adapted to your wishes{:}\",\"breadcrumb\":{\"@id\":\"https:\/\/normandydiscoverytours.com\/tours\/#breadcrumb\"},\"inLanguage\":\"fr-FR\",\"potentialAction\":[{\"@type\":\"ReadAction\",\"target\":[\"https:\/\/normandydiscoverytours.com\/tours\/\"]}]},{\"@type\":\"BreadcrumbList\",\"@id\":\"https:\/\/normandydiscoverytours.com\/tours\/#breadcrumb\",\"itemListElement\":[{\"@type\":\"ListItem\",\"position\":1,\"name\":\"Accueil\",\"item\":\"https:\/\/normandydiscoverytours.com\/\"},{\"@type\":\"ListItem\",\"position\":2,\"name\":\"D-Day Tours\"}]},{\"@type\":\"WebSite\",\"@id\":\"https:\/\/normandydiscoverytours.com\/#website\",\"url\":\"https:\/\/normandydiscoverytours.com\/\",\"name\":\"Normandy Discovery Tours\",\"description\":\"Jeep tours Normandy\",\"publisher\":{\"@id\":\"https:\/\/normandydiscoverytours.com\/#organization\"},\"potentialAction\":[{\"@type\":\"SearchAction\",\"target\":{\"@type\":\"EntryPoint\",\"urlTemplate\":\"https:\/\/normandydiscoverytours.com\/?s={search_term_string}\"},\"query-input\":{\"@type\":\"PropertyValueSpecification\",\"valueRequired\":true,\"valueName\":\"search_term_string\"}}],\"inLanguage\":\"fr-FR\"},{\"@type\":\"Organization\",\"@id\":\"https:\/\/normandydiscoverytours.com\/#organization\",\"name\":\"Normandy Discovery Tours\",\"url\":\"https:\/\/normandydiscoverytours.com\/\",\"logo\":{\"@type\":\"ImageObject\",\"inLanguage\":\"fr-FR\",\"@id\":\"https:\/\/normandydiscoverytours.com\/#\/schema\/logo\/image\/\",\"url\":\"https:\/\/normandydiscoverytours.com\/wp-content\/uploads\/2019\/02\/NDT-01-30-1-e1550001318683_2013x980_acf_cropped-e1550003649485_1061x500_acf_cropped-e1550007344507.png\",\"contentUrl\":\"https:\/\/normandydiscoverytours.com\/wp-content\/uploads\/2019\/02\/NDT-01-30-1-e1550001318683_2013x980_acf_cropped-e1550003649485_1061x500_acf_cropped-e1550007344507.png\",\"width\":500,\"height\":236,\"caption\":\"Normandy Discovery Tours\"},\"image\":{\"@id\":\"https:\/\/normandydiscoverytours.com\/#\/schema\/logo\/image\/\"},\"sameAs\":[\"https:\/\/www.facebook.com\/normandydiscoverytours\/\",\"https:\/\/www.instagram.com\/normandydiscoverytours\/\",\"https:\/\/www.linkedin.com\/company\/28966037\/\"]}]}<\/script>\n<!-- \/ Yoast SEO plugin. -->","yoast_head_json":{"title":"En jeep ou en Van, revivez le Jour J ! Parcourez les Plages du D\u00e9barquement","description":"D\u00e9couvrez l'histoire du Jour-J en visitant les plages du D\u00e9barquement de Normandie en groupe ou en visite priv\u00e9e nos circuits s'adaptent \u00e0 vos envies","robots":{"index":"index","follow":"follow","max-snippet":"max-snippet:-1","max-image-preview":"max-image-preview:large","max-video-preview":"max-video-preview:-1"},"canonical":"https:\/\/normandydiscoverytours.com\/tours\/","og_locale":"fr_FR","og_type":"article","og_title":"{:fr}En jeep ou en Van, revivez le Jour J ! Parcourez les Plages du D\u00e9barquement {:en}D-Day Normandy Tours | Private & Group Landing Beach Visits{:}","og_description":"{:fr}D\u00e9couvrez l'histoire du Jour-J en visitant les plages du D\u00e9barquement de Normandie en groupe ou en visite priv\u00e9e nos circuits s'adaptent \u00e0 vos envies{:en}Discover the history of D-Day by visiting the Normandy D-Day beaches in a group or on a private tour our tours can be adapted to your wishes{:}","og_url":"https:\/\/normandydiscoverytours.com\/tours\/","og_site_name":"Normandy Discovery Tours","article_publisher":"https:\/\/www.facebook.com\/normandydiscoverytours\/","article_modified_time":"2026-03-02T10:36:40+00:00","og_image":[{"width":2500,"height":1667,"url":"https:\/\/normandydiscoverytours.com\/wp-content\/uploads\/2025\/01\/RVK_2870-scaled.jpg","type":"image\/jpeg"}],"twitter_card":"summary_large_image","twitter_misc":{"Dur\u00e9e de lecture estim\u00e9e":"1 minute"},"schema":{"@context":"https:\/\/schema.org","@graph":[{"@type":"WebPage","@id":"https:\/\/normandydiscoverytours.com\/tours\/","url":"https:\/\/normandydiscoverytours.com\/tours\/","name":"{:fr}En jeep ou en Van, revivez le Jour J ! Parcourez les Plages du D\u00e9barquement {:en}D-Day Normandy Tours | Private & Group Landing Beach Visits{:}","isPartOf":{"@id":"https:\/\/normandydiscoverytours.com\/#website"},"datePublished":"2019-01-18T22:08:26+00:00","dateModified":"2026-03-02T10:36:40+00:00","description":"{:fr}D\u00e9couvrez l'histoire du Jour-J en visitant les plages du D\u00e9barquement de Normandie en groupe ou en visite priv\u00e9e nos circuits s'adaptent \u00e0 vos envies{:en}Discover the history of D-Day by visiting the Normandy D-Day beaches in a group or on a private tour our tours can be adapted to your wishes{:}","breadcrumb":{"@id":"https:\/\/normandydiscoverytours.com\/tours\/#breadcrumb"},"inLanguage":"fr-FR","potentialAction":[{"@type":"ReadAction","target":["https:\/\/normandydiscoverytours.com\/tours\/"]}]},{"@type":"BreadcrumbList","@id":"https:\/\/normandydiscoverytours.com\/tours\/#breadcrumb","itemListElement":[{"@type":"ListItem","position":1,"name":"Accueil","item":"https:\/\/normandydiscoverytours.com\/"},{"@type":"ListItem","position":2,"name":"D-Day Tours"}]},{"@type":"WebSite","@id":"https:\/\/normandydiscoverytours.com\/#website","url":"https:\/\/normandydiscoverytours.com\/","name":"Normandy Discovery Tours","description":"Jeep tours Normandy","publisher":{"@id":"https:\/\/normandydiscoverytours.com\/#organization"},"potentialAction":[{"@type":"SearchAction","target":{"@type":"EntryPoint","urlTemplate":"https:\/\/normandydiscoverytours.com\/?s={search_term_string}"},"query-input":{"@type":"PropertyValueSpecification","valueRequired":true,"valueName":"search_term_string"}}],"inLanguage":"fr-FR"},{"@type":"Organization","@id":"https:\/\/normandydiscoverytours.com\/#organization","name":"Normandy Discovery Tours","url":"https:\/\/normandydiscoverytours.com\/","logo":{"@type":"ImageObject","inLanguage":"fr-FR","@id":"https:\/\/normandydiscoverytours.com\/#\/schema\/logo\/image\/","url":"https:\/\/normandydiscoverytours.com\/wp-content\/uploads\/2019\/02\/NDT-01-30-1-e1550001318683_2013x980_acf_cropped-e1550003649485_1061x500_acf_cropped-e1550007344507.png","contentUrl":"https:\/\/normandydiscoverytours.com\/wp-content\/uploads\/2019\/02\/NDT-01-30-1-e1550001318683_2013x980_acf_cropped-e1550003649485_1061x500_acf_cropped-e1550007344507.png","width":500,"height":236,"caption":"Normandy Discovery Tours"},"image":{"@id":"https:\/\/normandydiscoverytours.com\/#\/schema\/logo\/image\/"},"sameAs":["https:\/\/www.facebook.com\/normandydiscoverytours\/","https:\/\/www.instagram.com\/normandydiscoverytours\/","https:\/\/www.linkedin.com\/company\/28966037\/"]}]}},"_links":{"self":[{"href":"https:\/\/normandydiscoverytours.com\/fr\/wp-json\/wp\/v2\/pages\/105","targetHints":{"allow":["GET"]}}],"collection":[{"href":"https:\/\/normandydiscoverytours.com\/fr\/wp-json\/wp\/v2\/pages"}],"about":[{"href":"https:\/\/normandydiscoverytours.com\/fr\/wp-json\/wp\/v2\/types\/page"}],"author":[{"embeddable":true,"href":"https:\/\/normandydiscoverytours.com\/fr\/wp-json\/wp\/v2\/users\/1"}],"replies":[{"embeddable":true,"href":"https:\/\/normandydiscoverytours.com\/fr\/wp-json\/wp\/v2\/comments?post=105"}],"version-history":[{"count":225,"href":"https:\/\/normandydiscoverytours.com\/fr\/wp-json\/wp\/v2\/pages\/105\/revisions"}],"predecessor-version":[{"id":1840,"href":"https:\/\/normandydiscoverytours.com\/fr\/wp-json\/wp\/v2\/pages\/105\/revisions\/1840"}],"wp:attachment":[{"href":"https:\/\/normandydiscoverytours.com\/fr\/wp-json\/wp\/v2\/media?parent=105"}],"curies":[{"name":"wp","href":"https:\/\/api.w.org\/{rel}","templated":true}]}}