{"id":1068,"date":"2021-03-27T21:38:07","date_gmt":"2021-03-27T20:38:07","guid":{"rendered":"https:\/\/normandydiscoverytours.com\/?page_id=1068"},"modified":"2022-12-27T18:00:01","modified_gmt":"2022-12-27T17:00:01","slug":"musee-du-debarquement-de-utah-beach","status":"publish","type":"page","link":"https:\/\/normandydiscoverytours.com\/fr\/aproximite\/musee-du-debarquement-de-utah-beach\/","title":{"rendered":"Mus\u00e9e du D\u00e9barquement de Utah Beach"},"content":{"rendered":"<p><strong>Le Mus\u00e9e du D\u00e9barquement de Utah Beach, construit \u00e0 l\u2019endroit m\u00eame o\u00f9 les troupes am\u00e9ricaines ont d\u00e9barqu\u00e9 le 6 juin 1944 en Normandie, raconte en dix s\u00e9quences les \u00e9v\u00e8nements du jour J<\/strong>, depuis sa pr\u00e9paration jusqu\u2019\u00e0 son aboutissement et son succ\u00e8s. Grace \u00e0 ce parcours chronologique complet, plongez dans l\u2019Histoire du D\u00e9barquement et venez d\u00e9couvrir une collection riche en objets, v\u00e9hicules, mat\u00e9riels et t\u00e9moignages.<\/p>\n<p>&nbsp;<\/p>\n<h2>Une collection riche et \u00e9mouvante &#8230;<\/h2>\n<p><img loading=\"lazy\" decoding=\"async\" class=\"size-medium wp-image-1071 alignright\" src=\"https:\/\/normandydiscoverytours.com\/wp-content\/uploads\/2021\/03\/58c42a705e746483e19894f8d3aa29-300x210.jpg\" alt=\"\" width=\"300\" height=\"210\" srcset=\"https:\/\/normandydiscoverytours.com\/wp-content\/uploads\/2021\/03\/58c42a705e746483e19894f8d3aa29-300x210.jpg 300w, https:\/\/normandydiscoverytours.com\/wp-content\/uploads\/2021\/03\/58c42a705e746483e19894f8d3aa29.jpg 647w\" sizes=\"auto, (max-width: 300px) 100vw, 300px\" \/> <img loading=\"lazy\" decoding=\"async\" class=\"size-medium wp-image-1072 alignleft\" src=\"https:\/\/normandydiscoverytours.com\/wp-content\/uploads\/2021\/03\/Sainte-Marie-du-Mont-Musee-du-Debarquement5565-LoicLeMarchand-300x200.jpg\" alt=\"\" width=\"300\" height=\"200\" srcset=\"https:\/\/normandydiscoverytours.com\/wp-content\/uploads\/2021\/03\/Sainte-Marie-du-Mont-Musee-du-Debarquement5565-LoicLeMarchand-300x200.jpg 300w, https:\/\/normandydiscoverytours.com\/wp-content\/uploads\/2021\/03\/Sainte-Marie-du-Mont-Musee-du-Debarquement5565-LoicLeMarchand-768x512.jpg 768w, https:\/\/normandydiscoverytours.com\/wp-content\/uploads\/2021\/03\/Sainte-Marie-du-Mont-Musee-du-Debarquement5565-LoicLeMarchand.jpg 800w\" sizes=\"auto, (max-width: 300px) 100vw, 300px\" \/>Au fil de votre visite, vous pourrez d\u00e9couvrir de nombreux objets de collections, v\u00e9hicules, dont certains embl\u00e9matiques du D\u00e9barquement \u00e0 Utah Beach, tel que l&rsquo;Alligator LVT, le DUKW, ou encore la jeep. Visiter le mus\u00e9e du D\u00e9barquement de Utah Beach, c&rsquo;est \u00e9galement l&rsquo;occasion d&rsquo;admirer un authentique<strong> bombardier B26,<\/strong> avion d\u2019exception dont il ne reste que quelques exemplaires dans le monde, mais \u00e9galement une authentique barge de d\u00e9barquement, le fameux \u00ab\u00a0Higgins Boat\u00a0\u00bb.<\/p>\n<p>&nbsp;<\/p>\n<h2>La Plage de la Victoire<\/h2>\n<p>Le Mus\u00e9e de Utah Beach vous propose \u00e9galement de plonger au coeur du Jour-J, et de d\u00e9couvrir l\u2019\u00e9pop\u00e9e des soldats am\u00e9ricains au travers du film <strong>\u00ab La plage de la victoire \u00bb<\/strong>, d&rsquo;une dur\u00e9e de 12 minutes<span class=\"texte-orange-italique\">.<\/span><\/p>\n<p>En quittant le site, vous aurez non seulement compris le choix strat\u00e9gique et les raisons du succ\u00e8s \u00e0 Utah Beach mais vous aurez aussi contribu\u00e9 \u00e0 la pr\u00e9servation et \u00e0 la transmission de la m\u00e9moire de ces hommes extraordinaires.<\/p>\n<p>https:\/\/youtu.be\/4WLXSs0iaTg<\/p>","protected":false},"excerpt":{"rendered":"<p>Le Mus\u00e9e du D\u00e9barquement de Utah Beach, construit \u00e0 l\u2019endroit m\u00eame o\u00f9 les troupes am\u00e9ricaines ont d\u00e9barqu\u00e9 le 6 juin 1944 en Normandie, raconte en dix s\u00e9quences les \u00e9v\u00e8nements du jour J, depuis sa pr\u00e9paration jusqu\u2019\u00e0 son aboutissement et son succ\u00e8s. Grace \u00e0 ce parcours chronologique complet, plongez dans l\u2019Histoire du D\u00e9barquement et venez d\u00e9couvrir [&hellip;]<\/p>\n","protected":false},"author":2,"featured_media":0,"parent":561,"menu_order":0,"comment_status":"closed","ping_status":"closed","template":"modele1.php","meta":{"_acf_changed":false,"footnotes":""},"class_list":["post-1068","page","type-page","status-publish","hentry"],"acf":[],"yoast_head":"<!-- This site is optimized with the Yoast SEO plugin v27.0 - https:\/\/yoast.com\/product\/yoast-seo-wordpress\/ -->\n<title>Mus\u00e9e du D\u00e9barquement de Utah Beach<\/title>\n<meta name=\"robots\" content=\"index, follow, max-snippet:-1, max-image-preview:large, max-video-preview:-1\" \/>\n<link rel=\"canonical\" href=\"https:\/\/normandydiscoverytours.com\/aproximite\/musee-du-debarquement-de-utah-beach\/\" \/>\n<meta property=\"og:locale\" content=\"fr_FR\" \/>\n<meta property=\"og:type\" content=\"article\" \/>\n<meta property=\"og:title\" content=\"Mus\u00e9e du D\u00e9barquement de Utah Beach\" \/>\n<meta property=\"og:description\" content=\"Le Mus\u00e9e du D\u00e9barquement de Utah Beach, construit \u00e0 l\u2019endroit m\u00eame o\u00f9 les troupes am\u00e9ricaines ont d\u00e9barqu\u00e9 le 6 juin 1944 en Normandie, raconte en dix s\u00e9quences les \u00e9v\u00e8nements du jour J, depuis sa pr\u00e9paration jusqu\u2019\u00e0 son aboutissement et son succ\u00e8s. Grace \u00e0 ce parcours chronologique complet, plongez dans l\u2019Histoire du D\u00e9barquement et venez d\u00e9couvrir [&hellip;]\" \/>\n<meta property=\"og:url\" content=\"https:\/\/normandydiscoverytours.com\/aproximite\/musee-du-debarquement-de-utah-beach\/\" \/>\n<meta property=\"og:site_name\" content=\"Normandy Discovery Tours\" \/>\n<meta property=\"article:publisher\" content=\"https:\/\/www.facebook.com\/normandydiscoverytours\/\" \/>\n<meta property=\"article:modified_time\" content=\"2022-12-27T17:00:01+00:00\" \/>\n<meta property=\"og:image\" content=\"https:\/\/normandydiscoverytours.com\/wp-content\/uploads\/2021\/03\/58c42a705e746483e19894f8d3aa29-300x210.jpg\" \/>\n<meta name=\"twitter:card\" content=\"summary_large_image\" \/>\n<meta name=\"twitter:label1\" content=\"Dur\u00e9e de lecture estim\u00e9e\" \/>\n\t<meta name=\"twitter:data1\" content=\"2 minutes\" \/>\n<script type=\"application\/ld+json\" class=\"yoast-schema-graph\">{\"@context\":\"https:\/\/schema.org\",\"@graph\":[{\"@type\":\"WebPage\",\"@id\":\"https:\/\/normandydiscoverytours.com\/aproximite\/musee-du-debarquement-de-utah-beach\/\",\"url\":\"https:\/\/normandydiscoverytours.com\/aproximite\/musee-du-debarquement-de-utah-beach\/\",\"name\":\"Mus\u00e9e du D\u00e9barquement de Utah Beach\",\"isPartOf\":{\"@id\":\"https:\/\/normandydiscoverytours.com\/#website\"},\"primaryImageOfPage\":{\"@id\":\"https:\/\/normandydiscoverytours.com\/aproximite\/musee-du-debarquement-de-utah-beach\/#primaryimage\"},\"image\":{\"@id\":\"https:\/\/normandydiscoverytours.com\/aproximite\/musee-du-debarquement-de-utah-beach\/#primaryimage\"},\"thumbnailUrl\":\"https:\/\/normandydiscoverytours.com\/wp-content\/uploads\/2021\/03\/58c42a705e746483e19894f8d3aa29-300x210.jpg\",\"datePublished\":\"2021-03-27T20:38:07+00:00\",\"dateModified\":\"2022-12-27T17:00:01+00:00\",\"breadcrumb\":{\"@id\":\"https:\/\/normandydiscoverytours.com\/aproximite\/musee-du-debarquement-de-utah-beach\/#breadcrumb\"},\"inLanguage\":\"fr-FR\",\"potentialAction\":[{\"@type\":\"ReadAction\",\"target\":[\"https:\/\/normandydiscoverytours.com\/aproximite\/musee-du-debarquement-de-utah-beach\/\"]}]},{\"@type\":\"ImageObject\",\"inLanguage\":\"fr-FR\",\"@id\":\"https:\/\/normandydiscoverytours.com\/aproximite\/musee-du-debarquement-de-utah-beach\/#primaryimage\",\"url\":\"https:\/\/normandydiscoverytours.com\/wp-content\/uploads\/2021\/03\/58c42a705e746483e19894f8d3aa29-300x210.jpg\",\"contentUrl\":\"https:\/\/normandydiscoverytours.com\/wp-content\/uploads\/2021\/03\/58c42a705e746483e19894f8d3aa29-300x210.jpg\"},{\"@type\":\"BreadcrumbList\",\"@id\":\"https:\/\/normandydiscoverytours.com\/aproximite\/musee-du-debarquement-de-utah-beach\/#breadcrumb\",\"itemListElement\":[{\"@type\":\"ListItem\",\"position\":1,\"name\":\"Accueil\",\"item\":\"https:\/\/normandydiscoverytours.com\/\"},{\"@type\":\"ListItem\",\"position\":2,\"name\":\"Nearby\",\"item\":\"https:\/\/normandydiscoverytours.com\/aproximite\/\"},{\"@type\":\"ListItem\",\"position\":3,\"name\":\"Mus\u00e9e du D\u00e9barquement de Utah Beach\"}]},{\"@type\":\"WebSite\",\"@id\":\"https:\/\/normandydiscoverytours.com\/#website\",\"url\":\"https:\/\/normandydiscoverytours.com\/\",\"name\":\"Normandy Discovery Tours\",\"description\":\"Jeep tours Normandy\",\"publisher\":{\"@id\":\"https:\/\/normandydiscoverytours.com\/#organization\"},\"potentialAction\":[{\"@type\":\"SearchAction\",\"target\":{\"@type\":\"EntryPoint\",\"urlTemplate\":\"https:\/\/normandydiscoverytours.com\/?s={search_term_string}\"},\"query-input\":{\"@type\":\"PropertyValueSpecification\",\"valueRequired\":true,\"valueName\":\"search_term_string\"}}],\"inLanguage\":\"fr-FR\"},{\"@type\":\"Organization\",\"@id\":\"https:\/\/normandydiscoverytours.com\/#organization\",\"name\":\"Normandy Discovery Tours\",\"url\":\"https:\/\/normandydiscoverytours.com\/\",\"logo\":{\"@type\":\"ImageObject\",\"inLanguage\":\"fr-FR\",\"@id\":\"https:\/\/normandydiscoverytours.com\/#\/schema\/logo\/image\/\",\"url\":\"https:\/\/normandydiscoverytours.com\/wp-content\/uploads\/2019\/02\/NDT-01-30-1-e1550001318683_2013x980_acf_cropped-e1550003649485_1061x500_acf_cropped-e1550007344507.png\",\"contentUrl\":\"https:\/\/normandydiscoverytours.com\/wp-content\/uploads\/2019\/02\/NDT-01-30-1-e1550001318683_2013x980_acf_cropped-e1550003649485_1061x500_acf_cropped-e1550007344507.png\",\"width\":500,\"height\":236,\"caption\":\"Normandy Discovery Tours\"},\"image\":{\"@id\":\"https:\/\/normandydiscoverytours.com\/#\/schema\/logo\/image\/\"},\"sameAs\":[\"https:\/\/www.facebook.com\/normandydiscoverytours\/\",\"https:\/\/www.instagram.com\/normandydiscoverytours\/\",\"https:\/\/www.linkedin.com\/company\/28966037\/\"]}]}<\/script>\n<!-- \/ Yoast SEO plugin. -->","yoast_head_json":{"title":"Mus\u00e9e du D\u00e9barquement de Utah Beach","robots":{"index":"index","follow":"follow","max-snippet":"max-snippet:-1","max-image-preview":"max-image-preview:large","max-video-preview":"max-video-preview:-1"},"canonical":"https:\/\/normandydiscoverytours.com\/aproximite\/musee-du-debarquement-de-utah-beach\/","og_locale":"fr_FR","og_type":"article","og_title":"Mus\u00e9e du D\u00e9barquement de Utah Beach","og_description":"Le Mus\u00e9e du D\u00e9barquement de Utah Beach, construit \u00e0 l\u2019endroit m\u00eame o\u00f9 les troupes am\u00e9ricaines ont d\u00e9barqu\u00e9 le 6 juin 1944 en Normandie, raconte en dix s\u00e9quences les \u00e9v\u00e8nements du jour J, depuis sa pr\u00e9paration jusqu\u2019\u00e0 son aboutissement et son succ\u00e8s. Grace \u00e0 ce parcours chronologique complet, plongez dans l\u2019Histoire du D\u00e9barquement et venez d\u00e9couvrir [&hellip;]","og_url":"https:\/\/normandydiscoverytours.com\/aproximite\/musee-du-debarquement-de-utah-beach\/","og_site_name":"Normandy Discovery Tours","article_publisher":"https:\/\/www.facebook.com\/normandydiscoverytours\/","article_modified_time":"2022-12-27T17:00:01+00:00","og_image":[{"url":"https:\/\/normandydiscoverytours.com\/wp-content\/uploads\/2021\/03\/58c42a705e746483e19894f8d3aa29-300x210.jpg","type":"","width":"","height":""}],"twitter_card":"summary_large_image","twitter_misc":{"Dur\u00e9e de lecture estim\u00e9e":"2 minutes"},"schema":{"@context":"https:\/\/schema.org","@graph":[{"@type":"WebPage","@id":"https:\/\/normandydiscoverytours.com\/aproximite\/musee-du-debarquement-de-utah-beach\/","url":"https:\/\/normandydiscoverytours.com\/aproximite\/musee-du-debarquement-de-utah-beach\/","name":"Mus\u00e9e du D\u00e9barquement de Utah Beach","isPartOf":{"@id":"https:\/\/normandydiscoverytours.com\/#website"},"primaryImageOfPage":{"@id":"https:\/\/normandydiscoverytours.com\/aproximite\/musee-du-debarquement-de-utah-beach\/#primaryimage"},"image":{"@id":"https:\/\/normandydiscoverytours.com\/aproximite\/musee-du-debarquement-de-utah-beach\/#primaryimage"},"thumbnailUrl":"https:\/\/normandydiscoverytours.com\/wp-content\/uploads\/2021\/03\/58c42a705e746483e19894f8d3aa29-300x210.jpg","datePublished":"2021-03-27T20:38:07+00:00","dateModified":"2022-12-27T17:00:01+00:00","breadcrumb":{"@id":"https:\/\/normandydiscoverytours.com\/aproximite\/musee-du-debarquement-de-utah-beach\/#breadcrumb"},"inLanguage":"fr-FR","potentialAction":[{"@type":"ReadAction","target":["https:\/\/normandydiscoverytours.com\/aproximite\/musee-du-debarquement-de-utah-beach\/"]}]},{"@type":"ImageObject","inLanguage":"fr-FR","@id":"https:\/\/normandydiscoverytours.com\/aproximite\/musee-du-debarquement-de-utah-beach\/#primaryimage","url":"https:\/\/normandydiscoverytours.com\/wp-content\/uploads\/2021\/03\/58c42a705e746483e19894f8d3aa29-300x210.jpg","contentUrl":"https:\/\/normandydiscoverytours.com\/wp-content\/uploads\/2021\/03\/58c42a705e746483e19894f8d3aa29-300x210.jpg"},{"@type":"BreadcrumbList","@id":"https:\/\/normandydiscoverytours.com\/aproximite\/musee-du-debarquement-de-utah-beach\/#breadcrumb","itemListElement":[{"@type":"ListItem","position":1,"name":"Accueil","item":"https:\/\/normandydiscoverytours.com\/"},{"@type":"ListItem","position":2,"name":"Nearby","item":"https:\/\/normandydiscoverytours.com\/aproximite\/"},{"@type":"ListItem","position":3,"name":"Mus\u00e9e du D\u00e9barquement de Utah Beach"}]},{"@type":"WebSite","@id":"https:\/\/normandydiscoverytours.com\/#website","url":"https:\/\/normandydiscoverytours.com\/","name":"Normandy Discovery Tours","description":"Jeep tours Normandy","publisher":{"@id":"https:\/\/normandydiscoverytours.com\/#organization"},"potentialAction":[{"@type":"SearchAction","target":{"@type":"EntryPoint","urlTemplate":"https:\/\/normandydiscoverytours.com\/?s={search_term_string}"},"query-input":{"@type":"PropertyValueSpecification","valueRequired":true,"valueName":"search_term_string"}}],"inLanguage":"fr-FR"},{"@type":"Organization","@id":"https:\/\/normandydiscoverytours.com\/#organization","name":"Normandy Discovery Tours","url":"https:\/\/normandydiscoverytours.com\/","logo":{"@type":"ImageObject","inLanguage":"fr-FR","@id":"https:\/\/normandydiscoverytours.com\/#\/schema\/logo\/image\/","url":"https:\/\/normandydiscoverytours.com\/wp-content\/uploads\/2019\/02\/NDT-01-30-1-e1550001318683_2013x980_acf_cropped-e1550003649485_1061x500_acf_cropped-e1550007344507.png","contentUrl":"https:\/\/normandydiscoverytours.com\/wp-content\/uploads\/2019\/02\/NDT-01-30-1-e1550001318683_2013x980_acf_cropped-e1550003649485_1061x500_acf_cropped-e1550007344507.png","width":500,"height":236,"caption":"Normandy Discovery Tours"},"image":{"@id":"https:\/\/normandydiscoverytours.com\/#\/schema\/logo\/image\/"},"sameAs":["https:\/\/www.facebook.com\/normandydiscoverytours\/","https:\/\/www.instagram.com\/normandydiscoverytours\/","https:\/\/www.linkedin.com\/company\/28966037\/"]}]}},"_links":{"self":[{"href":"https:\/\/normandydiscoverytours.com\/fr\/wp-json\/wp\/v2\/pages\/1068","targetHints":{"allow":["GET"]}}],"collection":[{"href":"https:\/\/normandydiscoverytours.com\/fr\/wp-json\/wp\/v2\/pages"}],"about":[{"href":"https:\/\/normandydiscoverytours.com\/fr\/wp-json\/wp\/v2\/types\/page"}],"author":[{"embeddable":true,"href":"https:\/\/normandydiscoverytours.com\/fr\/wp-json\/wp\/v2\/users\/2"}],"replies":[{"embeddable":true,"href":"https:\/\/normandydiscoverytours.com\/fr\/wp-json\/wp\/v2\/comments?post=1068"}],"version-history":[{"count":24,"href":"https:\/\/normandydiscoverytours.com\/fr\/wp-json\/wp\/v2\/pages\/1068\/revisions"}],"predecessor-version":[{"id":1417,"href":"https:\/\/normandydiscoverytours.com\/fr\/wp-json\/wp\/v2\/pages\/1068\/revisions\/1417"}],"up":[{"embeddable":true,"href":"https:\/\/normandydiscoverytours.com\/fr\/wp-json\/wp\/v2\/pages\/561"}],"wp:attachment":[{"href":"https:\/\/normandydiscoverytours.com\/fr\/wp-json\/wp\/v2\/media?parent=1068"}],"curies":[{"name":"wp","href":"https:\/\/api.w.org\/{rel}","templated":true}]}}