{"id":186,"date":"2019-01-22T16:47:38","date_gmt":"2019-01-22T15:47:38","guid":{"rendered":"https:\/\/normandydiscoverytours.com\/?page_id=186"},"modified":"2024-03-04T21:01:46","modified_gmt":"2024-03-04T20:01:46","slug":"reservations","status":"publish","type":"page","link":"https:\/\/normandydiscoverytours.com\/fr\/reservations\/","title":{"rendered":"R\u00e9servations"},"content":{"rendered":"<p class=\"qtranxs-available-languages-message qtranxs-available-languages-message-fr\">D\u00e9sol\u00e9, cet article est seulement disponible en <a href=\"https:\/\/normandydiscoverytours.com\/en\/wp-json\/wp\/v2\/pages\/186\" class=\"qtranxs-available-language-link qtranxs-available-language-link-en\" title=\"English\">English<\/a>.<\/p>","protected":false},"excerpt":{"rendered":"<p>D\u00e9sol\u00e9, cet article est seulement disponible en English.<\/p>\n","protected":false},"author":1,"featured_media":0,"parent":0,"menu_order":0,"comment_status":"closed","ping_status":"closed","template":"modele1.php","meta":{"_acf_changed":false,"footnotes":""},"class_list":["post-186","page","type-page","status-publish","hentry"],"acf":[],"yoast_head":"<!-- This site is optimized with the Yoast SEO plugin v27.0 - https:\/\/yoast.com\/product\/yoast-seo-wordpress\/ -->\n<title>R\u00e9servations<\/title>\n<meta name=\"description\" content=\"R\u00e9servez d\u00e8s maintenant votre visite comment\u00e9e des plages du D\u00e9barquement sur Normandy Discovery Tours, pour une immersion dans l&#039;Histoire du Jour-J.\" \/>\n<meta name=\"robots\" content=\"index, follow, max-snippet:-1, max-image-preview:large, max-video-preview:-1\" \/>\n<link rel=\"canonical\" href=\"https:\/\/normandydiscoverytours.com\/reservations\/\" \/>\n<meta property=\"og:locale\" content=\"fr_FR\" \/>\n<meta property=\"og:type\" content=\"article\" \/>\n<meta property=\"og:title\" content=\"R\u00e9servations\" \/>\n<meta property=\"og:description\" content=\"{:fr}R\u00e9servez d\u00e8s maintenant votre visite comment\u00e9e des plages du D\u00e9barquement sur Normandy Discovery Tours, pour une immersion dans l&#039;Histoire du Jour-J.{:en}Book now your commented visit of the landing beaches on Normandy Discovery Tours, for an immersion in the history of D-Day.{:}\" \/>\n<meta property=\"og:url\" content=\"https:\/\/normandydiscoverytours.com\/reservations\/\" \/>\n<meta property=\"og:site_name\" content=\"Normandy Discovery Tours\" \/>\n<meta property=\"article:publisher\" content=\"https:\/\/www.facebook.com\/normandydiscoverytours\/\" \/>\n<meta property=\"article:modified_time\" content=\"2024-03-04T20:01:46+00:00\" \/>\n<meta property=\"og:image\" content=\"https:\/\/normandydiscoverytours.com\/wp-content\/uploads\/2025\/01\/RVK_2870-scaled.jpg\" \/>\n\t<meta property=\"og:image:width\" content=\"2500\" \/>\n\t<meta property=\"og:image:height\" content=\"1667\" \/>\n\t<meta property=\"og:image:type\" content=\"image\/jpeg\" \/>\n<meta name=\"twitter:card\" content=\"summary_large_image\" \/>\n<meta name=\"twitter:label1\" content=\"Dur\u00e9e de lecture estim\u00e9e\" \/>\n\t<meta name=\"twitter:data1\" content=\"1 minute\" \/>\n<script type=\"application\/ld+json\" class=\"yoast-schema-graph\">{\"@context\":\"https:\/\/schema.org\",\"@graph\":[{\"@type\":\"WebPage\",\"@id\":\"https:\/\/normandydiscoverytours.com\/reservations\/\",\"url\":\"https:\/\/normandydiscoverytours.com\/reservations\/\",\"name\":\"R\u00e9servations\",\"isPartOf\":{\"@id\":\"https:\/\/normandydiscoverytours.com\/#website\"},\"datePublished\":\"2019-01-22T15:47:38+00:00\",\"dateModified\":\"2024-03-04T20:01:46+00:00\",\"description\":\"{:fr}R\u00e9servez d\u00e8s maintenant votre visite comment\u00e9e des plages du D\u00e9barquement sur Normandy Discovery Tours, pour une immersion dans l'Histoire du Jour-J.{:en}Book now your commented visit of the landing beaches on Normandy Discovery Tours, for an immersion in the history of D-Day.{:}\",\"breadcrumb\":{\"@id\":\"https:\/\/normandydiscoverytours.com\/reservations\/#breadcrumb\"},\"inLanguage\":\"fr-FR\",\"potentialAction\":[{\"@type\":\"ReadAction\",\"target\":[\"https:\/\/normandydiscoverytours.com\/reservations\/\"]}]},{\"@type\":\"BreadcrumbList\",\"@id\":\"https:\/\/normandydiscoverytours.com\/reservations\/#breadcrumb\",\"itemListElement\":[{\"@type\":\"ListItem\",\"position\":1,\"name\":\"Accueil\",\"item\":\"https:\/\/normandydiscoverytours.com\/\"},{\"@type\":\"ListItem\",\"position\":2,\"name\":\"R\u00e9servations\"}]},{\"@type\":\"WebSite\",\"@id\":\"https:\/\/normandydiscoverytours.com\/#website\",\"url\":\"https:\/\/normandydiscoverytours.com\/\",\"name\":\"Normandy Discovery Tours\",\"description\":\"Jeep tours Normandy\",\"publisher\":{\"@id\":\"https:\/\/normandydiscoverytours.com\/#organization\"},\"potentialAction\":[{\"@type\":\"SearchAction\",\"target\":{\"@type\":\"EntryPoint\",\"urlTemplate\":\"https:\/\/normandydiscoverytours.com\/?s={search_term_string}\"},\"query-input\":{\"@type\":\"PropertyValueSpecification\",\"valueRequired\":true,\"valueName\":\"search_term_string\"}}],\"inLanguage\":\"fr-FR\"},{\"@type\":\"Organization\",\"@id\":\"https:\/\/normandydiscoverytours.com\/#organization\",\"name\":\"Normandy Discovery Tours\",\"url\":\"https:\/\/normandydiscoverytours.com\/\",\"logo\":{\"@type\":\"ImageObject\",\"inLanguage\":\"fr-FR\",\"@id\":\"https:\/\/normandydiscoverytours.com\/#\/schema\/logo\/image\/\",\"url\":\"https:\/\/normandydiscoverytours.com\/wp-content\/uploads\/2019\/02\/NDT-01-30-1-e1550001318683_2013x980_acf_cropped-e1550003649485_1061x500_acf_cropped-e1550007344507.png\",\"contentUrl\":\"https:\/\/normandydiscoverytours.com\/wp-content\/uploads\/2019\/02\/NDT-01-30-1-e1550001318683_2013x980_acf_cropped-e1550003649485_1061x500_acf_cropped-e1550007344507.png\",\"width\":500,\"height\":236,\"caption\":\"Normandy Discovery Tours\"},\"image\":{\"@id\":\"https:\/\/normandydiscoverytours.com\/#\/schema\/logo\/image\/\"},\"sameAs\":[\"https:\/\/www.facebook.com\/normandydiscoverytours\/\",\"https:\/\/www.instagram.com\/normandydiscoverytours\/\",\"https:\/\/www.linkedin.com\/company\/28966037\/\"]}]}<\/script>\n<!-- \/ Yoast SEO plugin. -->","yoast_head_json":{"title":"R\u00e9servations","description":"R\u00e9servez d\u00e8s maintenant votre visite comment\u00e9e des plages du D\u00e9barquement sur Normandy Discovery Tours, pour une immersion dans l'Histoire du Jour-J.","robots":{"index":"index","follow":"follow","max-snippet":"max-snippet:-1","max-image-preview":"max-image-preview:large","max-video-preview":"max-video-preview:-1"},"canonical":"https:\/\/normandydiscoverytours.com\/reservations\/","og_locale":"fr_FR","og_type":"article","og_title":"R\u00e9servations","og_description":"{:fr}R\u00e9servez d\u00e8s maintenant votre visite comment\u00e9e des plages du D\u00e9barquement sur Normandy Discovery Tours, pour une immersion dans l'Histoire du Jour-J.{:en}Book now your commented visit of the landing beaches on Normandy Discovery Tours, for an immersion in the history of D-Day.{:}","og_url":"https:\/\/normandydiscoverytours.com\/reservations\/","og_site_name":"Normandy Discovery Tours","article_publisher":"https:\/\/www.facebook.com\/normandydiscoverytours\/","article_modified_time":"2024-03-04T20:01:46+00:00","og_image":[{"width":2500,"height":1667,"url":"https:\/\/normandydiscoverytours.com\/wp-content\/uploads\/2025\/01\/RVK_2870-scaled.jpg","type":"image\/jpeg"}],"twitter_card":"summary_large_image","twitter_misc":{"Dur\u00e9e de lecture estim\u00e9e":"1 minute"},"schema":{"@context":"https:\/\/schema.org","@graph":[{"@type":"WebPage","@id":"https:\/\/normandydiscoverytours.com\/reservations\/","url":"https:\/\/normandydiscoverytours.com\/reservations\/","name":"R\u00e9servations","isPartOf":{"@id":"https:\/\/normandydiscoverytours.com\/#website"},"datePublished":"2019-01-22T15:47:38+00:00","dateModified":"2024-03-04T20:01:46+00:00","description":"{:fr}R\u00e9servez d\u00e8s maintenant votre visite comment\u00e9e des plages du D\u00e9barquement sur Normandy Discovery Tours, pour une immersion dans l'Histoire du Jour-J.{:en}Book now your commented visit of the landing beaches on Normandy Discovery Tours, for an immersion in the history of D-Day.{:}","breadcrumb":{"@id":"https:\/\/normandydiscoverytours.com\/reservations\/#breadcrumb"},"inLanguage":"fr-FR","potentialAction":[{"@type":"ReadAction","target":["https:\/\/normandydiscoverytours.com\/reservations\/"]}]},{"@type":"BreadcrumbList","@id":"https:\/\/normandydiscoverytours.com\/reservations\/#breadcrumb","itemListElement":[{"@type":"ListItem","position":1,"name":"Accueil","item":"https:\/\/normandydiscoverytours.com\/"},{"@type":"ListItem","position":2,"name":"R\u00e9servations"}]},{"@type":"WebSite","@id":"https:\/\/normandydiscoverytours.com\/#website","url":"https:\/\/normandydiscoverytours.com\/","name":"Normandy Discovery Tours","description":"Jeep tours Normandy","publisher":{"@id":"https:\/\/normandydiscoverytours.com\/#organization"},"potentialAction":[{"@type":"SearchAction","target":{"@type":"EntryPoint","urlTemplate":"https:\/\/normandydiscoverytours.com\/?s={search_term_string}"},"query-input":{"@type":"PropertyValueSpecification","valueRequired":true,"valueName":"search_term_string"}}],"inLanguage":"fr-FR"},{"@type":"Organization","@id":"https:\/\/normandydiscoverytours.com\/#organization","name":"Normandy Discovery Tours","url":"https:\/\/normandydiscoverytours.com\/","logo":{"@type":"ImageObject","inLanguage":"fr-FR","@id":"https:\/\/normandydiscoverytours.com\/#\/schema\/logo\/image\/","url":"https:\/\/normandydiscoverytours.com\/wp-content\/uploads\/2019\/02\/NDT-01-30-1-e1550001318683_2013x980_acf_cropped-e1550003649485_1061x500_acf_cropped-e1550007344507.png","contentUrl":"https:\/\/normandydiscoverytours.com\/wp-content\/uploads\/2019\/02\/NDT-01-30-1-e1550001318683_2013x980_acf_cropped-e1550003649485_1061x500_acf_cropped-e1550007344507.png","width":500,"height":236,"caption":"Normandy Discovery Tours"},"image":{"@id":"https:\/\/normandydiscoverytours.com\/#\/schema\/logo\/image\/"},"sameAs":["https:\/\/www.facebook.com\/normandydiscoverytours\/","https:\/\/www.instagram.com\/normandydiscoverytours\/","https:\/\/www.linkedin.com\/company\/28966037\/"]}]}},"_links":{"self":[{"href":"https:\/\/normandydiscoverytours.com\/fr\/wp-json\/wp\/v2\/pages\/186","targetHints":{"allow":["GET"]}}],"collection":[{"href":"https:\/\/normandydiscoverytours.com\/fr\/wp-json\/wp\/v2\/pages"}],"about":[{"href":"https:\/\/normandydiscoverytours.com\/fr\/wp-json\/wp\/v2\/types\/page"}],"author":[{"embeddable":true,"href":"https:\/\/normandydiscoverytours.com\/fr\/wp-json\/wp\/v2\/users\/1"}],"replies":[{"embeddable":true,"href":"https:\/\/normandydiscoverytours.com\/fr\/wp-json\/wp\/v2\/comments?post=186"}],"version-history":[{"count":43,"href":"https:\/\/normandydiscoverytours.com\/fr\/wp-json\/wp\/v2\/pages\/186\/revisions"}],"predecessor-version":[{"id":1554,"href":"https:\/\/normandydiscoverytours.com\/fr\/wp-json\/wp\/v2\/pages\/186\/revisions\/1554"}],"wp:attachment":[{"href":"https:\/\/normandydiscoverytours.com\/fr\/wp-json\/wp\/v2\/media?parent=186"}],"curies":[{"name":"wp","href":"https:\/\/api.w.org\/{rel}","templated":true}]}}