{"id":561,"date":"2019-12-07T02:22:35","date_gmt":"2019-12-07T01:22:35","guid":{"rendered":"https:\/\/normandydiscoverytours.com\/?page_id=561"},"modified":"2026-03-02T11:24:13","modified_gmt":"2026-03-02T10:24:13","slug":"aproximite","status":"publish","type":"page","link":"https:\/\/normandydiscoverytours.com\/fr\/aproximite\/","title":{"rendered":"A proximit\u00e9"},"content":{"rendered":"<p>Afin d&rsquo;am\u00e9liorer votre s\u00e9jour en Normandie, nous vous sugg\u00e9rons un choix vari\u00e9 d&rsquo;h\u00e9bergement et de restauration. Ces partenaires que nous connaissons parfaitement proposent un panel de service qui am\u00e9liorons la qualit\u00e9 de votre s\u00e9jour. L&rsquo;ensemble des ces structures se trouvent \u00e0 proximit\u00e9 de nos lieux de d\u00e9part, nous vous proposons une prise en charge depuis ces h\u00e9bergements. Assez parl\u00e9, \u00e0 vous de faire votre choix dans ce panel d&rsquo;h\u00e9bergement et de restaurant aussi charmant les uns que les autres.<\/p>","protected":false},"excerpt":{"rendered":"<p>Afin d&rsquo;am\u00e9liorer votre s\u00e9jour en Normandie, nous vous sugg\u00e9rons un choix vari\u00e9 d&rsquo;h\u00e9bergement et de restauration. Ces partenaires que nous connaissons parfaitement proposent un panel de service qui am\u00e9liorons la qualit\u00e9 de votre s\u00e9jour. L&rsquo;ensemble des ces structures se trouvent \u00e0 proximit\u00e9 de nos lieux de d\u00e9part, nous vous proposons une prise en charge depuis [&hellip;]<\/p>\n","protected":false},"author":2,"featured_media":0,"parent":0,"menu_order":0,"comment_status":"closed","ping_status":"closed","template":"modele1.php","meta":{"_acf_changed":false,"footnotes":""},"class_list":["post-561","page","type-page","status-publish","hentry"],"acf":[],"yoast_head":"<!-- This site is optimized with the Yoast SEO plugin v27.0 - https:\/\/yoast.com\/product\/yoast-seo-wordpress\/ -->\n<title>A proximit\u00e9 de Sainte M\u00e8re l&#039;Eglise Normandy Discovery Tours<\/title>\n<meta name=\"description\" content=\"D\u00e9couvrez les environs de Sainte M\u00e8re l&#039;Eglise, ce haut lieu embl\u00e9matique de la seconde guerre mondiale.\" \/>\n<meta name=\"robots\" content=\"index, follow, max-snippet:-1, max-image-preview:large, max-video-preview:-1\" \/>\n<link rel=\"canonical\" href=\"https:\/\/normandydiscoverytours.com\/aproximite\/\" \/>\n<meta property=\"og:locale\" content=\"fr_FR\" \/>\n<meta property=\"og:type\" content=\"article\" \/>\n<meta property=\"og:title\" content=\"{:fr}A proximit\u00e9 de Sainte M\u00e8re l&#039;Eglise Normandy Discovery Tours {:en}Explore the Area Around Sainte-M\u00e8re-\u00c9glise | D-Day Landing Beaches {:}\" \/>\n<meta property=\"og:description\" content=\"{:fr}D\u00e9couvrez les environs de Sainte M\u00e8re l&#039;Eglise, ce haut lieu embl\u00e9matique de la seconde guerre mondiale.{:en}Discover the historic surroundings of Sainte-M\u00e8re-\u00c9glise. From the iconic D-Day landing beaches to local heritage, plan your visit to the heart of Normandy\u2019s history.{:}\" \/>\n<meta property=\"og:url\" content=\"https:\/\/normandydiscoverytours.com\/aproximite\/\" \/>\n<meta property=\"og:site_name\" content=\"Normandy Discovery Tours\" \/>\n<meta property=\"article:publisher\" content=\"https:\/\/www.facebook.com\/normandydiscoverytours\/\" \/>\n<meta property=\"article:modified_time\" content=\"2026-03-02T10:24:13+00:00\" \/>\n<meta property=\"og:image\" content=\"https:\/\/normandydiscoverytours.com\/wp-content\/uploads\/2025\/01\/RVK_2870-scaled.jpg\" \/>\n\t<meta property=\"og:image:width\" content=\"2500\" \/>\n\t<meta property=\"og:image:height\" content=\"1667\" \/>\n\t<meta property=\"og:image:type\" content=\"image\/jpeg\" \/>\n<meta name=\"twitter:card\" content=\"summary_large_image\" \/>\n<meta name=\"twitter:label1\" content=\"Dur\u00e9e de lecture estim\u00e9e\" \/>\n\t<meta name=\"twitter:data1\" content=\"1 minute\" \/>\n<script type=\"application\/ld+json\" class=\"yoast-schema-graph\">{\"@context\":\"https:\/\/schema.org\",\"@graph\":[{\"@type\":\"WebPage\",\"@id\":\"https:\/\/normandydiscoverytours.com\/aproximite\/\",\"url\":\"https:\/\/normandydiscoverytours.com\/aproximite\/\",\"name\":\"{:fr}A proximit\u00e9 de Sainte M\u00e8re l'Eglise Normandy Discovery Tours {:en}Explore the Area Around Sainte-M\u00e8re-\u00c9glise | D-Day Landing Beaches {:}\",\"isPartOf\":{\"@id\":\"https:\/\/normandydiscoverytours.com\/#website\"},\"datePublished\":\"2019-12-07T01:22:35+00:00\",\"dateModified\":\"2026-03-02T10:24:13+00:00\",\"description\":\"{:fr}D\u00e9couvrez les environs de Sainte M\u00e8re l'Eglise, ce haut lieu embl\u00e9matique de la seconde guerre mondiale.{:en}Discover the historic surroundings of Sainte-M\u00e8re-\u00c9glise. From the iconic D-Day landing beaches to local heritage, plan your visit to the heart of Normandy\u2019s history.{:}\",\"breadcrumb\":{\"@id\":\"https:\/\/normandydiscoverytours.com\/aproximite\/#breadcrumb\"},\"inLanguage\":\"fr-FR\",\"potentialAction\":[{\"@type\":\"ReadAction\",\"target\":[\"https:\/\/normandydiscoverytours.com\/aproximite\/\"]}]},{\"@type\":\"BreadcrumbList\",\"@id\":\"https:\/\/normandydiscoverytours.com\/aproximite\/#breadcrumb\",\"itemListElement\":[{\"@type\":\"ListItem\",\"position\":1,\"name\":\"Accueil\",\"item\":\"https:\/\/normandydiscoverytours.com\/\"},{\"@type\":\"ListItem\",\"position\":2,\"name\":\"Nearby\"}]},{\"@type\":\"WebSite\",\"@id\":\"https:\/\/normandydiscoverytours.com\/#website\",\"url\":\"https:\/\/normandydiscoverytours.com\/\",\"name\":\"Normandy Discovery Tours\",\"description\":\"Jeep tours Normandy\",\"publisher\":{\"@id\":\"https:\/\/normandydiscoverytours.com\/#organization\"},\"potentialAction\":[{\"@type\":\"SearchAction\",\"target\":{\"@type\":\"EntryPoint\",\"urlTemplate\":\"https:\/\/normandydiscoverytours.com\/?s={search_term_string}\"},\"query-input\":{\"@type\":\"PropertyValueSpecification\",\"valueRequired\":true,\"valueName\":\"search_term_string\"}}],\"inLanguage\":\"fr-FR\"},{\"@type\":\"Organization\",\"@id\":\"https:\/\/normandydiscoverytours.com\/#organization\",\"name\":\"Normandy Discovery Tours\",\"url\":\"https:\/\/normandydiscoverytours.com\/\",\"logo\":{\"@type\":\"ImageObject\",\"inLanguage\":\"fr-FR\",\"@id\":\"https:\/\/normandydiscoverytours.com\/#\/schema\/logo\/image\/\",\"url\":\"https:\/\/normandydiscoverytours.com\/wp-content\/uploads\/2019\/02\/NDT-01-30-1-e1550001318683_2013x980_acf_cropped-e1550003649485_1061x500_acf_cropped-e1550007344507.png\",\"contentUrl\":\"https:\/\/normandydiscoverytours.com\/wp-content\/uploads\/2019\/02\/NDT-01-30-1-e1550001318683_2013x980_acf_cropped-e1550003649485_1061x500_acf_cropped-e1550007344507.png\",\"width\":500,\"height\":236,\"caption\":\"Normandy Discovery Tours\"},\"image\":{\"@id\":\"https:\/\/normandydiscoverytours.com\/#\/schema\/logo\/image\/\"},\"sameAs\":[\"https:\/\/www.facebook.com\/normandydiscoverytours\/\",\"https:\/\/www.instagram.com\/normandydiscoverytours\/\",\"https:\/\/www.linkedin.com\/company\/28966037\/\"]}]}<\/script>\n<!-- \/ Yoast SEO plugin. -->","yoast_head_json":{"title":"A proximit\u00e9 de Sainte M\u00e8re l'Eglise Normandy Discovery Tours","description":"D\u00e9couvrez les environs de Sainte M\u00e8re l'Eglise, ce haut lieu embl\u00e9matique de la seconde guerre mondiale.","robots":{"index":"index","follow":"follow","max-snippet":"max-snippet:-1","max-image-preview":"max-image-preview:large","max-video-preview":"max-video-preview:-1"},"canonical":"https:\/\/normandydiscoverytours.com\/aproximite\/","og_locale":"fr_FR","og_type":"article","og_title":"{:fr}A proximit\u00e9 de Sainte M\u00e8re l'Eglise Normandy Discovery Tours {:en}Explore the Area Around Sainte-M\u00e8re-\u00c9glise | D-Day Landing Beaches {:}","og_description":"{:fr}D\u00e9couvrez les environs de Sainte M\u00e8re l'Eglise, ce haut lieu embl\u00e9matique de la seconde guerre mondiale.{:en}Discover the historic surroundings of Sainte-M\u00e8re-\u00c9glise. From the iconic D-Day landing beaches to local heritage, plan your visit to the heart of Normandy\u2019s history.{:}","og_url":"https:\/\/normandydiscoverytours.com\/aproximite\/","og_site_name":"Normandy Discovery Tours","article_publisher":"https:\/\/www.facebook.com\/normandydiscoverytours\/","article_modified_time":"2026-03-02T10:24:13+00:00","og_image":[{"width":2500,"height":1667,"url":"https:\/\/normandydiscoverytours.com\/wp-content\/uploads\/2025\/01\/RVK_2870-scaled.jpg","type":"image\/jpeg"}],"twitter_card":"summary_large_image","twitter_misc":{"Dur\u00e9e de lecture estim\u00e9e":"1 minute"},"schema":{"@context":"https:\/\/schema.org","@graph":[{"@type":"WebPage","@id":"https:\/\/normandydiscoverytours.com\/aproximite\/","url":"https:\/\/normandydiscoverytours.com\/aproximite\/","name":"{:fr}A proximit\u00e9 de Sainte M\u00e8re l'Eglise Normandy Discovery Tours {:en}Explore the Area Around Sainte-M\u00e8re-\u00c9glise | D-Day Landing Beaches {:}","isPartOf":{"@id":"https:\/\/normandydiscoverytours.com\/#website"},"datePublished":"2019-12-07T01:22:35+00:00","dateModified":"2026-03-02T10:24:13+00:00","description":"{:fr}D\u00e9couvrez les environs de Sainte M\u00e8re l'Eglise, ce haut lieu embl\u00e9matique de la seconde guerre mondiale.{:en}Discover the historic surroundings of Sainte-M\u00e8re-\u00c9glise. From the iconic D-Day landing beaches to local heritage, plan your visit to the heart of Normandy\u2019s history.{:}","breadcrumb":{"@id":"https:\/\/normandydiscoverytours.com\/aproximite\/#breadcrumb"},"inLanguage":"fr-FR","potentialAction":[{"@type":"ReadAction","target":["https:\/\/normandydiscoverytours.com\/aproximite\/"]}]},{"@type":"BreadcrumbList","@id":"https:\/\/normandydiscoverytours.com\/aproximite\/#breadcrumb","itemListElement":[{"@type":"ListItem","position":1,"name":"Accueil","item":"https:\/\/normandydiscoverytours.com\/"},{"@type":"ListItem","position":2,"name":"Nearby"}]},{"@type":"WebSite","@id":"https:\/\/normandydiscoverytours.com\/#website","url":"https:\/\/normandydiscoverytours.com\/","name":"Normandy Discovery Tours","description":"Jeep tours Normandy","publisher":{"@id":"https:\/\/normandydiscoverytours.com\/#organization"},"potentialAction":[{"@type":"SearchAction","target":{"@type":"EntryPoint","urlTemplate":"https:\/\/normandydiscoverytours.com\/?s={search_term_string}"},"query-input":{"@type":"PropertyValueSpecification","valueRequired":true,"valueName":"search_term_string"}}],"inLanguage":"fr-FR"},{"@type":"Organization","@id":"https:\/\/normandydiscoverytours.com\/#organization","name":"Normandy Discovery Tours","url":"https:\/\/normandydiscoverytours.com\/","logo":{"@type":"ImageObject","inLanguage":"fr-FR","@id":"https:\/\/normandydiscoverytours.com\/#\/schema\/logo\/image\/","url":"https:\/\/normandydiscoverytours.com\/wp-content\/uploads\/2019\/02\/NDT-01-30-1-e1550001318683_2013x980_acf_cropped-e1550003649485_1061x500_acf_cropped-e1550007344507.png","contentUrl":"https:\/\/normandydiscoverytours.com\/wp-content\/uploads\/2019\/02\/NDT-01-30-1-e1550001318683_2013x980_acf_cropped-e1550003649485_1061x500_acf_cropped-e1550007344507.png","width":500,"height":236,"caption":"Normandy Discovery Tours"},"image":{"@id":"https:\/\/normandydiscoverytours.com\/#\/schema\/logo\/image\/"},"sameAs":["https:\/\/www.facebook.com\/normandydiscoverytours\/","https:\/\/www.instagram.com\/normandydiscoverytours\/","https:\/\/www.linkedin.com\/company\/28966037\/"]}]}},"_links":{"self":[{"href":"https:\/\/normandydiscoverytours.com\/fr\/wp-json\/wp\/v2\/pages\/561","targetHints":{"allow":["GET"]}}],"collection":[{"href":"https:\/\/normandydiscoverytours.com\/fr\/wp-json\/wp\/v2\/pages"}],"about":[{"href":"https:\/\/normandydiscoverytours.com\/fr\/wp-json\/wp\/v2\/types\/page"}],"author":[{"embeddable":true,"href":"https:\/\/normandydiscoverytours.com\/fr\/wp-json\/wp\/v2\/users\/2"}],"replies":[{"embeddable":true,"href":"https:\/\/normandydiscoverytours.com\/fr\/wp-json\/wp\/v2\/comments?post=561"}],"version-history":[{"count":159,"href":"https:\/\/normandydiscoverytours.com\/fr\/wp-json\/wp\/v2\/pages\/561\/revisions"}],"predecessor-version":[{"id":1645,"href":"https:\/\/normandydiscoverytours.com\/fr\/wp-json\/wp\/v2\/pages\/561\/revisions\/1645"}],"wp:attachment":[{"href":"https:\/\/normandydiscoverytours.com\/fr\/wp-json\/wp\/v2\/media?parent=561"}],"curies":[{"name":"wp","href":"https:\/\/api.w.org\/{rel}","templated":true}]}}