{"id":975,"date":"2021-03-27T13:28:08","date_gmt":"2021-03-27T12:28:08","guid":{"rendered":"https:\/\/normandydiscoverytours.com\/?page_id=975"},"modified":"2026-02-22T22:05:46","modified_gmt":"2026-02-22T21:05:46","slug":"d-day-experience","status":"publish","type":"page","link":"https:\/\/normandydiscoverytours.com\/fr\/aproximite\/d-day-experience\/","title":{"rendered":"D-Day Experience"},"content":{"rendered":"","protected":false},"excerpt":{"rendered":"","protected":false},"author":2,"featured_media":0,"parent":561,"menu_order":0,"comment_status":"closed","ping_status":"closed","template":"modele1.php","meta":{"_acf_changed":false,"footnotes":""},"class_list":["post-975","page","type-page","status-publish","hentry"],"acf":[],"yoast_head":"<!-- This site is optimized with the Yoast SEO plugin v27.0 - https:\/\/yoast.com\/product\/yoast-seo-wordpress\/ -->\n<title>D-Day Experience<\/title>\n<meta name=\"description\" content=\"Normandy Discovery Tours est partenaire du D-Day Experience. Vivez une exp\u00e9rience immersive pour d\u00e9couvrir l&#039;histoire du d\u00e9barquement !\" \/>\n<meta name=\"robots\" content=\"index, follow, max-snippet:-1, max-image-preview:large, max-video-preview:-1\" \/>\n<link rel=\"canonical\" href=\"https:\/\/normandydiscoverytours.com\/aproximite\/d-day-experience\/\" \/>\n<meta property=\"og:locale\" content=\"fr_FR\" \/>\n<meta property=\"og:type\" content=\"article\" \/>\n<meta property=\"og:title\" content=\"D-Day Experience\" \/>\n<meta property=\"og:description\" content=\"{:fr}Normandy Discovery Tours est partenaire du D-Day Experience. Vivez une exp\u00e9rience immersive pour d\u00e9couvrir l&#039;histoire du d\u00e9barquement !{:}\" \/>\n<meta property=\"og:url\" content=\"https:\/\/normandydiscoverytours.com\/aproximite\/d-day-experience\/\" \/>\n<meta property=\"og:site_name\" content=\"Normandy Discovery Tours\" \/>\n<meta property=\"article:publisher\" content=\"https:\/\/www.facebook.com\/normandydiscoverytours\/\" \/>\n<meta property=\"article:modified_time\" content=\"2026-02-22T21:05:46+00:00\" \/>\n<meta property=\"og:image\" content=\"https:\/\/normandydiscoverytours.com\/wp-content\/uploads\/2025\/01\/RVK_2870-scaled.jpg\" \/>\n\t<meta property=\"og:image:width\" content=\"2500\" \/>\n\t<meta property=\"og:image:height\" content=\"1667\" \/>\n\t<meta property=\"og:image:type\" content=\"image\/jpeg\" \/>\n<meta name=\"twitter:card\" content=\"summary_large_image\" \/>\n<script type=\"application\/ld+json\" class=\"yoast-schema-graph\">{\"@context\":\"https:\/\/schema.org\",\"@graph\":[{\"@type\":\"WebPage\",\"@id\":\"https:\/\/normandydiscoverytours.com\/aproximite\/d-day-experience\/\",\"url\":\"https:\/\/normandydiscoverytours.com\/aproximite\/d-day-experience\/\",\"name\":\"D-Day Experience\",\"isPartOf\":{\"@id\":\"https:\/\/normandydiscoverytours.com\/#website\"},\"datePublished\":\"2021-03-27T12:28:08+00:00\",\"dateModified\":\"2026-02-22T21:05:46+00:00\",\"description\":\"{:fr}Normandy Discovery Tours est partenaire du D-Day Experience. Vivez une exp\u00e9rience immersive pour d\u00e9couvrir l'histoire du d\u00e9barquement !{:}\",\"breadcrumb\":{\"@id\":\"https:\/\/normandydiscoverytours.com\/aproximite\/d-day-experience\/#breadcrumb\"},\"inLanguage\":\"fr-FR\",\"potentialAction\":[{\"@type\":\"ReadAction\",\"target\":[\"https:\/\/normandydiscoverytours.com\/aproximite\/d-day-experience\/\"]}]},{\"@type\":\"BreadcrumbList\",\"@id\":\"https:\/\/normandydiscoverytours.com\/aproximite\/d-day-experience\/#breadcrumb\",\"itemListElement\":[{\"@type\":\"ListItem\",\"position\":1,\"name\":\"Accueil\",\"item\":\"https:\/\/normandydiscoverytours.com\/\"},{\"@type\":\"ListItem\",\"position\":2,\"name\":\"Nearby\",\"item\":\"https:\/\/normandydiscoverytours.com\/aproximite\/\"},{\"@type\":\"ListItem\",\"position\":3,\"name\":\"D-Day Experience\"}]},{\"@type\":\"WebSite\",\"@id\":\"https:\/\/normandydiscoverytours.com\/#website\",\"url\":\"https:\/\/normandydiscoverytours.com\/\",\"name\":\"Normandy Discovery Tours\",\"description\":\"Jeep tours Normandy\",\"publisher\":{\"@id\":\"https:\/\/normandydiscoverytours.com\/#organization\"},\"potentialAction\":[{\"@type\":\"SearchAction\",\"target\":{\"@type\":\"EntryPoint\",\"urlTemplate\":\"https:\/\/normandydiscoverytours.com\/?s={search_term_string}\"},\"query-input\":{\"@type\":\"PropertyValueSpecification\",\"valueRequired\":true,\"valueName\":\"search_term_string\"}}],\"inLanguage\":\"fr-FR\"},{\"@type\":\"Organization\",\"@id\":\"https:\/\/normandydiscoverytours.com\/#organization\",\"name\":\"Normandy Discovery Tours\",\"url\":\"https:\/\/normandydiscoverytours.com\/\",\"logo\":{\"@type\":\"ImageObject\",\"inLanguage\":\"fr-FR\",\"@id\":\"https:\/\/normandydiscoverytours.com\/#\/schema\/logo\/image\/\",\"url\":\"https:\/\/normandydiscoverytours.com\/wp-content\/uploads\/2019\/02\/NDT-01-30-1-e1550001318683_2013x980_acf_cropped-e1550003649485_1061x500_acf_cropped-e1550007344507.png\",\"contentUrl\":\"https:\/\/normandydiscoverytours.com\/wp-content\/uploads\/2019\/02\/NDT-01-30-1-e1550001318683_2013x980_acf_cropped-e1550003649485_1061x500_acf_cropped-e1550007344507.png\",\"width\":500,\"height\":236,\"caption\":\"Normandy Discovery Tours\"},\"image\":{\"@id\":\"https:\/\/normandydiscoverytours.com\/#\/schema\/logo\/image\/\"},\"sameAs\":[\"https:\/\/www.facebook.com\/normandydiscoverytours\/\",\"https:\/\/www.instagram.com\/normandydiscoverytours\/\",\"https:\/\/www.linkedin.com\/company\/28966037\/\"]}]}<\/script>\n<!-- \/ Yoast SEO plugin. -->","yoast_head_json":{"title":"D-Day Experience","description":"Normandy Discovery Tours est partenaire du D-Day Experience. Vivez une exp\u00e9rience immersive pour d\u00e9couvrir l'histoire du d\u00e9barquement !","robots":{"index":"index","follow":"follow","max-snippet":"max-snippet:-1","max-image-preview":"max-image-preview:large","max-video-preview":"max-video-preview:-1"},"canonical":"https:\/\/normandydiscoverytours.com\/aproximite\/d-day-experience\/","og_locale":"fr_FR","og_type":"article","og_title":"D-Day Experience","og_description":"{:fr}Normandy Discovery Tours est partenaire du D-Day Experience. Vivez une exp\u00e9rience immersive pour d\u00e9couvrir l'histoire du d\u00e9barquement !{:}","og_url":"https:\/\/normandydiscoverytours.com\/aproximite\/d-day-experience\/","og_site_name":"Normandy Discovery Tours","article_publisher":"https:\/\/www.facebook.com\/normandydiscoverytours\/","article_modified_time":"2026-02-22T21:05:46+00:00","og_image":[{"width":2500,"height":1667,"url":"https:\/\/normandydiscoverytours.com\/wp-content\/uploads\/2025\/01\/RVK_2870-scaled.jpg","type":"image\/jpeg"}],"twitter_card":"summary_large_image","schema":{"@context":"https:\/\/schema.org","@graph":[{"@type":"WebPage","@id":"https:\/\/normandydiscoverytours.com\/aproximite\/d-day-experience\/","url":"https:\/\/normandydiscoverytours.com\/aproximite\/d-day-experience\/","name":"D-Day Experience","isPartOf":{"@id":"https:\/\/normandydiscoverytours.com\/#website"},"datePublished":"2021-03-27T12:28:08+00:00","dateModified":"2026-02-22T21:05:46+00:00","description":"{:fr}Normandy Discovery Tours est partenaire du D-Day Experience. Vivez une exp\u00e9rience immersive pour d\u00e9couvrir l'histoire du d\u00e9barquement !{:}","breadcrumb":{"@id":"https:\/\/normandydiscoverytours.com\/aproximite\/d-day-experience\/#breadcrumb"},"inLanguage":"fr-FR","potentialAction":[{"@type":"ReadAction","target":["https:\/\/normandydiscoverytours.com\/aproximite\/d-day-experience\/"]}]},{"@type":"BreadcrumbList","@id":"https:\/\/normandydiscoverytours.com\/aproximite\/d-day-experience\/#breadcrumb","itemListElement":[{"@type":"ListItem","position":1,"name":"Accueil","item":"https:\/\/normandydiscoverytours.com\/"},{"@type":"ListItem","position":2,"name":"Nearby","item":"https:\/\/normandydiscoverytours.com\/aproximite\/"},{"@type":"ListItem","position":3,"name":"D-Day Experience"}]},{"@type":"WebSite","@id":"https:\/\/normandydiscoverytours.com\/#website","url":"https:\/\/normandydiscoverytours.com\/","name":"Normandy Discovery Tours","description":"Jeep tours Normandy","publisher":{"@id":"https:\/\/normandydiscoverytours.com\/#organization"},"potentialAction":[{"@type":"SearchAction","target":{"@type":"EntryPoint","urlTemplate":"https:\/\/normandydiscoverytours.com\/?s={search_term_string}"},"query-input":{"@type":"PropertyValueSpecification","valueRequired":true,"valueName":"search_term_string"}}],"inLanguage":"fr-FR"},{"@type":"Organization","@id":"https:\/\/normandydiscoverytours.com\/#organization","name":"Normandy Discovery Tours","url":"https:\/\/normandydiscoverytours.com\/","logo":{"@type":"ImageObject","inLanguage":"fr-FR","@id":"https:\/\/normandydiscoverytours.com\/#\/schema\/logo\/image\/","url":"https:\/\/normandydiscoverytours.com\/wp-content\/uploads\/2019\/02\/NDT-01-30-1-e1550001318683_2013x980_acf_cropped-e1550003649485_1061x500_acf_cropped-e1550007344507.png","contentUrl":"https:\/\/normandydiscoverytours.com\/wp-content\/uploads\/2019\/02\/NDT-01-30-1-e1550001318683_2013x980_acf_cropped-e1550003649485_1061x500_acf_cropped-e1550007344507.png","width":500,"height":236,"caption":"Normandy Discovery Tours"},"image":{"@id":"https:\/\/normandydiscoverytours.com\/#\/schema\/logo\/image\/"},"sameAs":["https:\/\/www.facebook.com\/normandydiscoverytours\/","https:\/\/www.instagram.com\/normandydiscoverytours\/","https:\/\/www.linkedin.com\/company\/28966037\/"]}]}},"_links":{"self":[{"href":"https:\/\/normandydiscoverytours.com\/fr\/wp-json\/wp\/v2\/pages\/975","targetHints":{"allow":["GET"]}}],"collection":[{"href":"https:\/\/normandydiscoverytours.com\/fr\/wp-json\/wp\/v2\/pages"}],"about":[{"href":"https:\/\/normandydiscoverytours.com\/fr\/wp-json\/wp\/v2\/types\/page"}],"author":[{"embeddable":true,"href":"https:\/\/normandydiscoverytours.com\/fr\/wp-json\/wp\/v2\/users\/2"}],"replies":[{"embeddable":true,"href":"https:\/\/normandydiscoverytours.com\/fr\/wp-json\/wp\/v2\/comments?post=975"}],"version-history":[{"count":45,"href":"https:\/\/normandydiscoverytours.com\/fr\/wp-json\/wp\/v2\/pages\/975\/revisions"}],"predecessor-version":[{"id":1419,"href":"https:\/\/normandydiscoverytours.com\/fr\/wp-json\/wp\/v2\/pages\/975\/revisions\/1419"}],"up":[{"embeddable":true,"href":"https:\/\/normandydiscoverytours.com\/fr\/wp-json\/wp\/v2\/pages\/561"}],"wp:attachment":[{"href":"https:\/\/normandydiscoverytours.com\/fr\/wp-json\/wp\/v2\/media?parent=975"}],"curies":[{"name":"wp","href":"https:\/\/api.w.org\/{rel}","templated":true}]}}